{"id":2216,"date":"2025-10-13T09:21:33","date_gmt":"2025-10-13T09:21:33","guid":{"rendered":"https:\/\/hazanli.com\/?page_id=2216"},"modified":"2025-10-13T09:31:31","modified_gmt":"2025-10-13T09:31:31","slug":"iletisim","status":"publish","type":"page","link":"https:\/\/hazanli.com\/index.php\/iletisim\/","title":{"rendered":"\u0130leti\u015fim"},"content":{"rendered":"\n<p>Merkez: K\u00fclt\u00fcr Mah. Bing\u00f6l Cad. No:48\/A Gen\u00e7-Bing\u00f6l<\/p>\n\n\n\n<p>Tel:05066570496<\/p>\n\n\n\n<p>e-mail:<a href=\"mailto:group@hazanli.com\">group@hazanli.com<\/a><\/p>\n\n\n\n<p>Sat\u0131\u015f ma\u011fazas\u0131: \u0130skenderpa\u015fa Mah. Horhor Cad. No:58\/A Fatih-\u0130stanbul<\/p>\n\n\n\n<p>Tel:05066570496<\/p>\n\n\n\n<p><\/p>\n","protected":false},"excerpt":{"rendered":"<p>Merkez: K\u00fclt\u00fcr Mah. Bing\u00f6l Cad. No:48\/A Gen\u00e7-Bing\u00f6l Tel:05066570496 e-mail:group@hazanli.com Sat\u0131\u015f ma\u011fazas\u0131: \u0130skenderpa\u015fa Mah. Horhor Cad. No:58\/A Fatih-\u0130stanbul Tel:05066570496<\/p>\n","protected":false},"author":1,"featured_media":0,"parent":0,"menu_order":0,"comment_status":"closed","ping_status":"closed","template":"","meta":{"_seopress_robots_primary_cat":"","_seopress_titles_title":"","_seopress_titles_desc":"","_seopress_robots_index":"","om_disable_all_campaigns":false,"_monsterinsights_skip_tracking":false,"_monsterinsights_sitenote_active":false,"_monsterinsights_sitenote_note":"","_monsterinsights_sitenote_category":0,"_mbp_gutenberg_autopost":false,"footnotes":""},"class_list":["post-2216","page","type-page","status-publish","hentry"],"jetpack_sharing_enabled":true,"_links":{"self":[{"href":"https:\/\/hazanli.com\/index.php\/wp-json\/wp\/v2\/pages\/2216","targetHints":{"allow":["GET"]}}],"collection":[{"href":"https:\/\/hazanli.com\/index.php\/wp-json\/wp\/v2\/pages"}],"about":[{"href":"https:\/\/hazanli.com\/index.php\/wp-json\/wp\/v2\/types\/page"}],"author":[{"embeddable":true,"href":"https:\/\/hazanli.com\/index.php\/wp-json\/wp\/v2\/users\/1"}],"replies":[{"embeddable":true,"href":"https:\/\/hazanli.com\/index.php\/wp-json\/wp\/v2\/comments?post=2216"}],"version-history":[{"count":2,"href":"https:\/\/hazanli.com\/index.php\/wp-json\/wp\/v2\/pages\/2216\/revisions"}],"predecessor-version":[{"id":2220,"href":"https:\/\/hazanli.com\/index.php\/wp-json\/wp\/v2\/pages\/2216\/revisions\/2220"}],"wp:attachment":[{"href":"https:\/\/hazanli.com\/index.php\/wp-json\/wp\/v2\/media?parent=2216"}],"curies":[{"name":"wp","href":"https:\/\/api.w.org\/{rel}","templated":true}]}}