{"id":3,"date":"2022-12-04T12:08:47","date_gmt":"2022-12-04T12:08:47","guid":{"rendered":"https:\/\/hazanli.com\/?page_id=3"},"modified":"2025-10-13T09:07:27","modified_gmt":"2025-10-13T09:07:27","slug":"privacy-policy","status":"publish","type":"page","link":"https:\/\/hazanli.com\/index.php\/privacy-policy\/","title":{"rendered":"Privacy Policy"},"content":{"rendered":"<h2 class=\"wp-block-heading\">Who we are<\/h2><p><strong class=\"privacy-policy-tutorial\">Suggested text: <\/strong>Our website address is: https:\/\/hazanli.com.<\/p><h2 class=\"wp-block-heading\">Comments<\/h2><p><strong class=\"privacy-policy-tutorial\">Suggested text: <\/strong>When visitors leave comments on the site we collect the data shown in the comments form, and also the visitor&#8217;s IP address and browser user agent string to help spam detection.<\/p><p>An anonymized string created from your email address (also called a hash) may be provided to the Gravatar service to see if you are using it. The Gravatar service privacy policy is available here: https:\/\/automattic.com\/privacy\/. After approval of your comment, your profile picture is visible to the public in the context of your comment.<\/p><h2 class=\"wp-block-heading\">Media<\/h2><p><strong class=\"privacy-policy-tutorial\">Suggested text: <\/strong>If you upload images to the website, you should avoid uploading images with embedded location data (EXIF GPS) included. Visitors to the website can download and extract any location data from images on the website.<\/p><h2 class=\"wp-block-heading\">Cookies<\/h2><p><strong class=\"privacy-policy-tutorial\">Suggested text: <\/strong>If you leave a comment on our site you may opt-in to saving your name, email address and website in cookies. These are for your convenience so that you do not have to fill in your details again when you leave another comment. These cookies will last for one year.<\/p><p>If you visit our login page, we will set a temporary cookie to determine if your browser accepts cookies. This cookie contains no personal data and is discarded when you close your browser.<\/p><p>When you log in, we will also set up several cookies to save your login information and your screen display choices. Login cookies last for two days, and screen options cookies last for a year. If you select &quot;Remember Me&quot;, your login will persist for two weeks. If you log out of your account, the login cookies will be removed.<\/p><p>If you edit or publish an article, an additional cookie will be saved in your browser. This cookie includes no personal data and simply indicates the post ID of the article you just edited. It expires after 1 day.<\/p><h2 class=\"wp-block-heading\">Embedded content from other websites<\/h2><p><strong class=\"privacy-policy-tutorial\">Suggested text: <\/strong>Articles on this site may include embedded content (e.g. videos, images, articles, etc.). Embedded content from other websites behaves in the exact same way as if the visitor has visited the other website.<\/p><p>These websites may collect data about you, use cookies, embed additional third-party tracking, and monitor your interaction with that embedded content, including tracking your interaction with the embedded content if you have an account and are logged in to that website.<\/p><h2 class=\"wp-block-heading\">Who we share your data with<\/h2><p><strong class=\"privacy-policy-tutorial\">Suggested text: <\/strong>If you request a password reset, your IP address will be included in the reset email.<\/p><h2 class=\"wp-block-heading\">How long we retain your data<\/h2><p><strong class=\"privacy-policy-tutorial\">Suggested text: <\/strong>If you leave a comment, the comment and its metadata are retained indefinitely. This is so we can recognize and approve any follow-up comments automatically instead of holding them in a moderation queue.<\/p><p>For users that register on our website (if any), we also store the personal information they provide in their user profile. All users can see, edit, or delete their personal information at any time (except they cannot change their username). Website administrators can also see and edit that information.<\/p><h2 class=\"wp-block-heading\">What rights you have over your data<\/h2><p><strong class=\"privacy-policy-tutorial\">Suggested text: <\/strong>If you have an account on this site, or have left comments, you can request to receive an exported file of the personal data we hold about you, including any data you have provided to us. You can also request that we erase any personal data we hold about you. This does not include any data we are obliged to keep for administrative, legal, or security purposes.<\/p><h2 class=\"wp-block-heading\">Where your data is sent<\/h2><p><strong class=\"privacy-policy-tutorial\">Suggested text: <\/strong>Visitor comments may be checked through an automated spam detection service.<\/p>","protected":false},"excerpt":{"rendered":"<p>Who we are Suggested text: Our website address is: https:\/\/hazanli.com. Comments Suggested text: When visitors leave comments on the site we collect the data shown &hellip;<\/p>\n","protected":false},"author":1,"featured_media":0,"parent":0,"menu_order":0,"comment_status":"closed","ping_status":"closed","template":"","meta":{"_seopress_robots_primary_cat":"","_seopress_titles_title":"","_seopress_titles_desc":"\u201cM\u00dc\u015eTER\u0130\u201d K\u0130\u015e\u0130SEL VER\u0130LER\u0130N\u0130N \u0130\u015eLENMES\u0130NE \u0130L\u0130\u015eK\u0130NAYDINLATMA METN\u0130\r\n\r\n\r\nVeri Sorumlusu ve Ki\u015fisel Veri Kategorileri\r\n\r\n6698 say\u0131l\u0131 Ki\u015fisel Verilerin Korunmas\u0131 Kanunu (\u201c6698 say\u0131l\u0131 Kanun\u201d) uyar\u0131nca; ad, soyad, telefon numaras\u0131, adres, e-posta adresi,m\u00fc\u015fteri i\u015flem bilgileri, kredi kart\u0131 bilgileri, talep-\u015fikayet bilgisi ve i\u015flem g\u00fcvenli\u011fi bilgileri\u015feklindeki ki\u015fisel verileriniz; veri sorumlusu olarak Hazanl\u0131 Bal\/Hazanl\u0131 G\u0131da Ltd. \u015eti. (\u201c\u015eirket\u201d) taraf\u0131ndan, detaylar\u0131 a\u015fa\u011f\u0131da a\u00e7\u0131klanan kapsamda i\u015flenebilecektir.\r\n\r\nTan\u0131mlar\r\n\r\nKi\u015fisel Veri    : Kimli\u011fi belirli veya belirlenebilir ger\u00e7ek ki\u015fiye ili\u015fkin her t\u00fcrl\u00fc bilgidir.\r\n\r\nVeri Sorumlusu: Ki\u015fisel verilerin i\u015fleme ama\u00e7lar\u0131n\u0131 ve vas\u0131talar\u0131n\u0131 belirleyen, veri kay\u0131t sisteminin kurulmas\u0131ndan ve y\u00f6netilmesinden sorumlu olan ger\u00e7ek veya t\u00fczel ki\u015fiyi ifade etmektedir.\r\n\r\nTedarik\u00e7i    : Mal veya hizmet sat\u0131n al\u0131nan ger\u00e7ek veya t\u00fczel ki\u015fiyi ifade eder.\r\n\r\n\u0130\u015f Orta\u011f\u0131    : \u0130\u015f faaliyetlerimizin y\u00fcr\u00fct\u00fclmesi kapsam\u0131nda, s\u00f6zle\u015fme ba\u011f\u0131 \u00e7er\u00e7evesinde belirli bir i\u015fin ifas\u0131 amac\u0131yla, ortakl\u0131k sa\u011flad\u0131\u011f\u0131m\u0131z ekonomik ve hukuksal y\u00f6nden ba\u011f\u0131ms\u0131z ger\u00e7ek veya t\u00fczel ki\u015fileri ifade eder.\r\n\r\n\r\nKi\u015fisel Verilerin \u0130\u015flenme Ama\u00e7lar\u0131\r\n\r\nToplanan ki\u015fisel verileriniz, ki\u015fisel verilerinizi bizlere a\u00e7\u0131klaman\u0131za konu olan; mal ve hizmet sat\u0131\u015f sonras\u0131 destek hizmetlerinin y\u00fcr\u00fct\u00fclmesi, mal ve hizmet sat\u0131\u015f s\u00fcre\u00e7lerininy\u00fcr\u00fct\u00fclmesi, mal ve hizmet \u00fcretim ve operasyon s\u00fcre\u00e7lerinin y\u00fcr\u00fct\u00fclmesi, denetim \/ etik faaliyetlerinin y\u00fcr\u00fct\u00fclmesi, faaliyetlerin mevzuata uygun y\u00fcr\u00fct\u00fclmesi, finans ve muhasebe i\u015flerinin y\u00fcr\u00fct\u00fclmesi,hukuk i\u015flerinin takibi ve y\u00fcr\u00fct\u00fclmesi,i\u00e7 denetim\/ soru\u015fturma \/ istihbarat faaliyetlerinin y\u00fcr\u00fct\u00fclmesi,talep ve \u015fikayetlerin takibi, i\u015f faaliyetlerinin y\u00fcr\u00fct\u00fclmesi ve denetimi,i\u015f s\u00fcre\u00e7lerinin iyile\u015ftirilmesine y\u00f6nelik \u00f6nerilerin al\u0131nmas\u0131 ve de\u011ferlendirilmesi,i\u015f s\u00fcreklili\u011finin sa\u011flanmas\u0131 faaliyetlerinin y\u00fcr\u00fct\u00fclmesi,m\u00fc\u015fteri ili\u015fkileri y\u00f6netimi s\u00fcre\u00e7lerinin y\u00fcr\u00fct\u00fclmesi,m\u00fc\u015fteri memnuniyetine y\u00f6nelik aktivitelerin y\u00fcr\u00fct\u00fclmesi,reklam \/ kampanya \/ promosyon s\u00fcre\u00e7lerinin y\u00fcr\u00fct\u00fclmesi, s\u00f6zle\u015fme s\u00fcre\u00e7lerinin y\u00fcr\u00fct\u00fclmesi, ileti\u015fim faaliyetlerinin y\u00fcr\u00fct\u00fclmesi ama\u00e7lar\u0131yla i\u015flenmektedir.\r\n\r\n\r\nKi\u015fisel Verilerin Aktar\u0131m\u0131\r\n\r\nKi\u015fisel verileriniz; hizmet s\u00f6zle\u015fmemiz gere\u011fi y\u00fck\u00fcml\u00fcl\u00fcklerimizin yerine getirilmesi i\u00e7in gerekli bilgilerin hizmet al\u0131nan \u015firketlere aktar\u0131lmas\u0131 vb. gereklilikler gibi bir s\u00f6zle\u015fmenin kurulmas\u0131 veya ifas\u0131yla do\u011frudan do\u011fruya ilgili olmas\u0131 kayd\u0131yla, s\u00f6zle\u015fmenin taraflar\u0131na ait ki\u015fisel verilerin i\u015flenmesinin gerekli olmas\u0131, kanuni y\u00fck\u00fcml\u00fcl\u00fck gere\u011fi fatura bilgilerinizin Gelir \u0130daresi Ba\u015fkanl\u0131\u011f\u0131\u2019na aktar\u0131lmas\u0131 gibi veri sorumlusunun hukuki y\u00fck\u00fcml\u00fcl\u00fc\u011f\u00fcn\u00fc yerine getirebilmesi i\u00e7in zorunlu olmas\u0131, kurumsal programlar\u0131n kullan\u0131lmas\u0131, i\u015f s\u00fcreklili\u011fi ve i\u015f geli\u015ftirme faaliyetleri i\u00e7in al\u0131nan hizmet ve yaz\u0131l\u0131mlar\u0131n kullan\u0131lmas\u0131, \u015firketin y\u00fcklendi\u011fi edimlerin yerine getirilmesi gibi veri sorumlusunun me\u015fru menfaatleri i\u00e7in veri i\u015flenmesinin zorunlu olmas\u0131 \u015fartlar\u0131 d\u00e2hilinde; i\u015f ortaklar\u0131m\u0131za, tedarik\u00e7ilerimize, hukuken yetkili kamu kurum ve kurulu\u015flar\u0131na aktar\u0131lmaktad\u0131r. Bununla birlikte ki\u015fisel verileriniz, sunucular\u0131 ve bulut sistemleri yurt d\u0131\u015f\u0131nda bulunan yurt i\u00e7i i\u015f ortaklar\u0131m\u0131z ile yurt d\u0131\u015f\u0131nda mukim i\u015f ortaklar\u0131m\u0131zla; a\u00e7\u0131k r\u0131zan\u0131z al\u0131nmak ko\u015fuluyla veya ilgili yabanc\u0131 \u00fclkedeki veri sorumlular\u0131n\u0131n yeterli bir korumay\u0131 yaz\u0131l\u0131 olarak taahh\u00fct etmeleri ve Ki\u015fisel Verileri Koruma Kurulunun izninin bulunmas\u0131 ko\u015fuluyla aktar\u0131lmaktad\u0131r.\r\n\r\n\r\nKaynak ve Hukuki Sebep\r\n\r\nKi\u015fisel verileriniz; s\u00f6zle\u015fmesel y\u00fck\u00fcml\u00fcl\u00fcklerimiz gere\u011fi hizmetin ifas\u0131 \u00f6ncesi, sonras\u0131 ve ifa s\u00fcrecinde; fiziken teslim etti\u011finiz bilgi ve belgeler, elektronik ortamda iletti\u011finiz bilgi ve belgeler arac\u0131l\u0131\u011f\u0131yla ve taraf\u0131m\u0131zca bizzat veya 3. ki\u015filerden fiziki, elektronik ortam ara\u00e7lar\u0131 ile otomatik, k\u0131smen otomatik veya herhangi bir veri kay\u0131t sisteminin par\u00e7as\u0131 olmak kayd\u0131yla otomatik olmayan yollarla yaz\u0131l\u0131 veya s\u00f6zl\u00fc olarak toplanmaktad\u0131r. Ki\u015fisel verilerinizi i\u015fleme faaliyetlerimiz yukar\u0131da belirtilen ama\u00e7larla s\u0131n\u0131rl\u0131 \u015fekilde 6698 say\u0131l\u0131 Kanun\u2019un 5. Maddesi uyar\u0131nca; kanunlarda a\u00e7\u0131k\u00e7a \u00f6ng\u00f6r\u00fclmesi, bir hakk\u0131n tesisi kullan\u0131lmas\u0131 ve korunmas\u0131 i\u00e7in veri i\u015flemenin zorunlu olmas\u0131, bir s\u00f6zle\u015fmenin kurulmas\u0131 veya ifas\u0131yla do\u011frudan do\u011fruya ilgili olmas\u0131 kayd\u0131yla, s\u00f6zle\u015fmenin taraflar\u0131na ait ki\u015fisel verilerin i\u015flenmesinin gerekli olmas\u0131, veri sorumlusunun hukuki y\u00fck\u00fcml\u00fcl\u00fc\u011f\u00fcn\u00fc yerine getirebilmesi i\u00e7in zorunlu olmas\u0131 veya ilgili ki\u015finin temel hak ve \u00f6zg\u00fcrl\u00fcklerine zarar vermemek kayd\u0131yla, veri sorumlusunun me\u015fru menfaatleri i\u00e7in veri i\u015flenmesinin zorunlu olmas\u0131 hukuki sebeplerine dayan\u0131larak veya 6698 say\u0131l\u0131 Kanun\u2019un 5. Maddesi gere\u011fi a\u00e7\u0131k r\u0131zan\u0131z al\u0131narak i\u015flenmektedir.\r\n\r\n\r\nBa\u015fvuru Usul ve Esaslar\u0131\r\n\r\n\u0130lgili ki\u015fi olarak, 6698 say\u0131l\u0131 Kanun\u2019un 11. maddesinde yer alan haklar\u0131n\u0131za ili\u015fkin taleplerinizi https:\/\/hazanli.com\/ web adresimizde yer alan \u0130lgili Ki\u015fi Ba\u015fvuru Formu\u2019nda yer alan usul ve esaslar do\u011frultusunda, ilgili formu doldurarak ve her hal\u00fckarda Veri Sorumlusuna Ba\u015fvuru Usul ve Esaslar\u0131 Hakk\u0131nda Tebli\u011f ile \u00f6ng\u00f6r\u00fclen asgari ko\u015fullar\u0131 sa\u011flayan; group@hazanli.com e-mail adresimize sistemimizde kay\u0131tl\u0131 e-posta adresinizle veya g\u00fcvenli e-imzal\u0131 olarak iletece\u011finiz ileti ile veya K\u00fclt\u00fcr Mah. Bing\u00f6 Cad. No:46\/A Gen\u00e7\/Bing\u00f6l  adresimize yaz\u0131l\u0131 olarak \u015fahsen veya noter kanal\u0131 ile ba\u015fvuru ger\u00e7ekle\u015ftirebilirsiniz. Yapaca\u011f\u0131n\u0131z ba\u015fvuruyu \u015eirket olarak, talebinizin niteli\u011fine g\u00f6re en k\u0131sa s\u00fcrede ve en ge\u00e7 otuz g\u00fcn i\u00e7erisinde \u00fccretsiz olarak sonu\u00e7land\u0131raca\u011f\u0131z. Ancak, i\u015flemin ayr\u0131ca bir maliyeti gerektirmesi h\u00e2linde, \u015eirket taraf\u0131ndan Ki\u015fisel Verileri Koruma Kurulunca belirlenen tarifedeki \u00fccret al\u0131nacakt\u0131r.","_seopress_robots_index":"","om_disable_all_campaigns":false,"_monsterinsights_skip_tracking":false,"_monsterinsights_sitenote_active":false,"_monsterinsights_sitenote_note":"","_monsterinsights_sitenote_category":0,"_mbp_gutenberg_autopost":false,"footnotes":""},"class_list":["post-3","page","type-page","status-publish","hentry"],"jetpack_sharing_enabled":true,"_links":{"self":[{"href":"https:\/\/hazanli.com\/index.php\/wp-json\/wp\/v2\/pages\/3","targetHints":{"allow":["GET"]}}],"collection":[{"href":"https:\/\/hazanli.com\/index.php\/wp-json\/wp\/v2\/pages"}],"about":[{"href":"https:\/\/hazanli.com\/index.php\/wp-json\/wp\/v2\/types\/page"}],"author":[{"embeddable":true,"href":"https:\/\/hazanli.com\/index.php\/wp-json\/wp\/v2\/users\/1"}],"replies":[{"embeddable":true,"href":"https:\/\/hazanli.com\/index.php\/wp-json\/wp\/v2\/comments?post=3"}],"version-history":[{"count":1,"href":"https:\/\/hazanli.com\/index.php\/wp-json\/wp\/v2\/pages\/3\/revisions"}],"predecessor-version":[{"id":1988,"href":"https:\/\/hazanli.com\/index.php\/wp-json\/wp\/v2\/pages\/3\/revisions\/1988"}],"wp:attachment":[{"href":"https:\/\/hazanli.com\/index.php\/wp-json\/wp\/v2\/media?parent=3"}],"curies":[{"name":"wp","href":"https:\/\/api.w.org\/{rel}","templated":true}]}}