{"id":1733,"date":"2025-09-21T18:15:02","date_gmt":"2025-09-21T18:15:02","guid":{"rendered":"https:\/\/hazanli.com\/?post_type=product&#038;p=1733"},"modified":"2025-12-08T11:37:00","modified_gmt":"2025-12-08T11:37:00","slug":"dogal-ari-poleni","status":"publish","type":"product","link":"https:\/\/hazanli.com\/index.php\/urun\/dogal-ari-poleni\/","title":{"rendered":"Do\u011fal ar\u0131 poleni"},"content":{"rendered":"","protected":false},"excerpt":{"rendered":"<p>Do\u011fal polen 200 gr<\/p>\n","protected":false},"featured_media":2533,"comment_status":"open","ping_status":"closed","template":"","meta":{"_seopress_robots_primary_cat":"none","_seopress_titles_title":"","_seopress_titles_desc":"","_seopress_robots_index":"","om_disable_all_campaigns":false,"_monsterinsights_skip_tracking":false,"_monsterinsights_sitenote_active":false,"_monsterinsights_sitenote_note":"","_monsterinsights_sitenote_category":0,"_mbp_gutenberg_autopost":false},"product_brand":[],"product_cat":[27],"product_tag":[70,71],"class_list":{"0":"post-1733","1":"product","2":"type-product","3":"status-publish","4":"has-post-thumbnail","6":"product_cat-genel","7":"product_tag-ari-poleni","8":"product_tag-dogal-polen","10":"first","11":"instock","12":"taxable","13":"shipping-taxable","14":"purchasable","15":"product-type-simple"},"jetpack_sharing_enabled":true,"_links":{"self":[{"href":"https:\/\/hazanli.com\/index.php\/wp-json\/wp\/v2\/product\/1733","targetHints":{"allow":["GET"]}}],"collection":[{"href":"https:\/\/hazanli.com\/index.php\/wp-json\/wp\/v2\/product"}],"about":[{"href":"https:\/\/hazanli.com\/index.php\/wp-json\/wp\/v2\/types\/product"}],"replies":[{"embeddable":true,"href":"https:\/\/hazanli.com\/index.php\/wp-json\/wp\/v2\/comments?post=1733"}],"version-history":[{"count":1,"href":"https:\/\/hazanli.com\/index.php\/wp-json\/wp\/v2\/product\/1733\/revisions"}],"predecessor-version":[{"id":1738,"href":"https:\/\/hazanli.com\/index.php\/wp-json\/wp\/v2\/product\/1733\/revisions\/1738"}],"wp:featuredmedia":[{"embeddable":true,"href":"https:\/\/hazanli.com\/index.php\/wp-json\/wp\/v2\/media\/2533"}],"wp:attachment":[{"href":"https:\/\/hazanli.com\/index.php\/wp-json\/wp\/v2\/media?parent=1733"}],"wp:term":[{"taxonomy":"product_brand","embeddable":true,"href":"https:\/\/hazanli.com\/index.php\/wp-json\/wp\/v2\/product_brand?post=1733"},{"taxonomy":"product_cat","embeddable":true,"href":"https:\/\/hazanli.com\/index.php\/wp-json\/wp\/v2\/product_cat?post=1733"},{"taxonomy":"product_tag","embeddable":true,"href":"https:\/\/hazanli.com\/index.php\/wp-json\/wp\/v2\/product_tag?post=1733"}],"curies":[{"name":"wp","href":"https:\/\/api.w.org\/{rel}","templated":true}]}}