{"id":2427,"date":"2025-10-23T13:47:57","date_gmt":"2025-10-23T13:47:57","guid":{"rendered":"https:\/\/hazanli.com\/?post_type=product&#038;p=2427"},"modified":"2026-04-05T09:32:28","modified_gmt":"2026-04-05T09:32:28","slug":"karakovan-bali","status":"publish","type":"product","link":"https:\/\/hazanli.com\/index.php\/urun\/karakovan-bali\/","title":{"rendered":"Karakovan kasnak bal\u0131"},"content":{"rendered":"<div dir=\"auto\">Karakovan bal\u0131; ar\u0131lar\u0131n kendi \u00f6rd\u00fc\u011f\u00fc peteklerden, \u00fcretim esnas\u0131nda \u00fcretici taraf\u0131ndan herhangi bir m\u00fcdahale yap\u0131lmadan tamamen do\u011fal y\u00f6ntemlerle \u00fcretilen bald\u0131r.<\/div>\n<div dir=\"auto\">Karakovan ve yapay petek aras\u0131ndaki farklar; karakovan mumu ar\u0131lar taraf\u0131ndan in\u015fa edilirken, yapay petek ise \u00fcretici taraf\u0131ndan kovana b\u0131rak\u0131l\u0131r. Karakovan mumu do\u011fald\u0131r,\u00a0 a\u011f\u0131zda erir, yapay petek mumu ise serttir ve a\u011f\u0131zda erimez.<\/div>\n<div dir=\"auto\">Yapay petek bal\u0131 s\u00fcz\u00fclmesi gerekirken, karakovan bal\u0131n\u0131 s\u00fczmeden t\u00fcketmek daha faydal\u0131d\u0131r.<\/div>\n<div dir=\"auto\"><\/div>\n<div dir=\"auto\">Karakovan bal\u0131 hakk\u0131nda bilinmesi gerekenler:<\/div>\n<div dir=\"auto\">. Karakovan ve s\u00fczme bal ayn\u0131 ortamda \u00fcretilebilir, aralar\u0131ndaki temel fark; petek yap\u0131s\u0131d\u0131r.<\/div>\n<div dir=\"auto\">. Ayn\u0131 ortam ve \u015fartlarda \u00fcretilmi\u015f olan s\u00fczme petek ile s\u00fczme karakovan aras\u0131nda bir fark yoktur.<\/div>\n<div dir=\"auto\">\u00a0Karakovan ancak do\u011fal haliyle t\u00fcketildi\u011finde petek baldan farkl\u0131d\u0131r diyebiliriz.<\/div>\n<div dir=\"auto\">. Karakovan\u00a0 mumunun tamam\u0131yla a\u011f\u0131zda erimesi m\u00fcmk\u00fcn de\u011fildir. Baz\u0131 karakovan ballar\u0131n\u0131n b\u00fcy\u00fck bir b\u00f6l\u00fcm\u00fc a\u011f\u0131zda erirken, baz\u0131lar\u0131 daha az erir, bunun sebebi ar\u0131lar\u0131n toplad\u0131\u011f\u0131 nektar(bal\u00f6z\u00fc) bitki ile alakal\u0131d\u0131r.<\/div>\n<div dir=\"auto\">.\u00a0 Orta kaliteye sahip bir bal, y\u00fcksek kaliteye sahip bir baldan daha lezzetli ve a\u011f\u0131zda\u00a0 daha fazla eriyebilir.<\/div>\n<div dir=\"auto\">. Kara kovan bal\u0131n\u0131n kalitesi; rengi, yap\u0131s\u0131 veya i\u00e7inden \u00fcretildi\u011fi nesne ile de\u011fil, \u00fcretildi\u011fi \u00e7evre ve bitki ile alakal\u0131d\u0131r.<\/div>\n<div dir=\"auto\">Karakovan bal\u0131na \u00f6zg\u00fc bir renk yoktur. Krem, sar\u0131, kehribar, siyah&#8230; bala rengini veren\u00a0 nektar(bal\u00f6z\u00fc) \u00e7i\u00e7ektir.<\/div>\n","protected":false},"excerpt":{"rendered":"<p>Bing\u00f6l Yayla Bal\u0131<\/p>\n<p>2000 \u00fczeri rak\u0131mda tamamen do\u011fal \u00fcretilmi\u015ftir.<\/p>\n<p>Ba\u015fl\u0131ca; Hindiba, Geven, Kekik&#8230; Yabani \u00e7i\u00e7eklerden derlenmi\u015ftir.<\/p>\n<p>KG fiyat\u0131: 2.000\u20ba, Birim fiyat\u0131 2.300\u20ba<\/p>\n<p>&nbsp;<\/p>\n<p>&nbsp;<\/p>\n","protected":false},"featured_media":2724,"comment_status":"open","ping_status":"closed","template":"","meta":{"_seopress_robots_primary_cat":"none","_seopress_titles_title":"","_seopress_titles_desc":"","_seopress_robots_index":"","om_disable_all_campaigns":false,"_monsterinsights_skip_tracking":false,"_monsterinsights_sitenote_active":false,"_monsterinsights_sitenote_note":"","_monsterinsights_sitenote_category":0,"_mbp_gutenberg_autopost":false},"product_brand":[],"product_cat":[27],"product_tag":[],"class_list":{"0":"post-2427","1":"product","2":"type-product","3":"status-publish","4":"has-post-thumbnail","6":"product_cat-genel","8":"first","9":"instock","10":"sale","11":"taxable","12":"shipping-taxable","13":"purchasable","14":"product-type-simple"},"jetpack_sharing_enabled":true,"_links":{"self":[{"href":"https:\/\/hazanli.com\/index.php\/wp-json\/wp\/v2\/product\/2427","targetHints":{"allow":["GET"]}}],"collection":[{"href":"https:\/\/hazanli.com\/index.php\/wp-json\/wp\/v2\/product"}],"about":[{"href":"https:\/\/hazanli.com\/index.php\/wp-json\/wp\/v2\/types\/product"}],"replies":[{"embeddable":true,"href":"https:\/\/hazanli.com\/index.php\/wp-json\/wp\/v2\/comments?post=2427"}],"version-history":[{"count":8,"href":"https:\/\/hazanli.com\/index.php\/wp-json\/wp\/v2\/product\/2427\/revisions"}],"predecessor-version":[{"id":2744,"href":"https:\/\/hazanli.com\/index.php\/wp-json\/wp\/v2\/product\/2427\/revisions\/2744"}],"wp:featuredmedia":[{"embeddable":true,"href":"https:\/\/hazanli.com\/index.php\/wp-json\/wp\/v2\/media\/2724"}],"wp:attachment":[{"href":"https:\/\/hazanli.com\/index.php\/wp-json\/wp\/v2\/media?parent=2427"}],"wp:term":[{"taxonomy":"product_brand","embeddable":true,"href":"https:\/\/hazanli.com\/index.php\/wp-json\/wp\/v2\/product_brand?post=2427"},{"taxonomy":"product_cat","embeddable":true,"href":"https:\/\/hazanli.com\/index.php\/wp-json\/wp\/v2\/product_cat?post=2427"},{"taxonomy":"product_tag","embeddable":true,"href":"https:\/\/hazanli.com\/index.php\/wp-json\/wp\/v2\/product_tag?post=2427"}],"curies":[{"name":"wp","href":"https:\/\/api.w.org\/{rel}","templated":true}]}}