{"id":2652,"date":"2025-12-14T11:02:29","date_gmt":"2025-12-14T11:02:29","guid":{"rendered":"https:\/\/hazanli.com\/?post_type=product&#038;p=2652"},"modified":"2025-12-15T15:18:03","modified_gmt":"2025-12-15T15:18:03","slug":"bingol-bali","status":"publish","type":"product","link":"https:\/\/hazanli.com\/index.php\/urun\/bingol-bali\/","title":{"rendered":"Ham Bal"},"content":{"rendered":"","protected":false},"excerpt":{"rendered":"<p>Bing\u00f6l\u00a0 Bal\u0131.<br \/>\nNet: 460gr<\/p>\n<p>1.800 rak\u0131mda do\u011fal olarak \u00fcretilmi\u015ftir.<\/p>\n<p>Kristalize bal; halk dilinde donmu\u015f bal veya ham bal olarak bilinir. Kristalize bal, genellikle kahvalt\u0131larda ekme\u011fin \u00fczerine s\u00fcr\u00fcl\u00fcp t\u00fcketilen bir \u00fcr\u00fcnd\u00fcr. \u00c7ok fazla bilinmedi\u011finden stok ve t\u00fcketimi yayg\u0131n de\u011fildir. Kristalize bal(krem bal) ile ilgili daha fazla bilgiyi Google&#8217;da aratarak edinebilirsiniz.<\/p>\n<p>Bal; y\u00fcksek \u0131s\u0131l i\u015flemine tabi\u00ee tutulmad\u0131\u011f\u0131nda k\u0131sa s\u00fcrede kristalle\u015fir. D\u00fc\u015f\u00fck \u0131s\u0131l i\u015fleminden ge\u00e7irilmi\u015f veya hi\u00e7 i\u015flem g\u00f6rmemi\u015f bala ham bal dedir. <!--more--><\/p>\n","protected":false},"featured_media":2655,"comment_status":"open","ping_status":"closed","template":"","meta":{"_seopress_robots_primary_cat":"none","_seopress_titles_title":"","_seopress_titles_desc":"","_seopress_robots_index":"","om_disable_all_campaigns":false,"_monsterinsights_skip_tracking":false,"_monsterinsights_sitenote_active":false,"_monsterinsights_sitenote_note":"","_monsterinsights_sitenote_category":0,"_mbp_gutenberg_autopost":false},"product_brand":[],"product_cat":[68],"product_tag":[],"class_list":{"0":"post-2652","1":"product","2":"type-product","3":"status-publish","4":"has-post-thumbnail","6":"product_cat-dogal-cicek-bali","8":"first","9":"instock","10":"taxable","11":"shipping-taxable","12":"purchasable","13":"product-type-simple"},"jetpack_sharing_enabled":true,"_links":{"self":[{"href":"https:\/\/hazanli.com\/index.php\/wp-json\/wp\/v2\/product\/2652","targetHints":{"allow":["GET"]}}],"collection":[{"href":"https:\/\/hazanli.com\/index.php\/wp-json\/wp\/v2\/product"}],"about":[{"href":"https:\/\/hazanli.com\/index.php\/wp-json\/wp\/v2\/types\/product"}],"replies":[{"embeddable":true,"href":"https:\/\/hazanli.com\/index.php\/wp-json\/wp\/v2\/comments?post=2652"}],"version-history":[{"count":3,"href":"https:\/\/hazanli.com\/index.php\/wp-json\/wp\/v2\/product\/2652\/revisions"}],"predecessor-version":[{"id":2692,"href":"https:\/\/hazanli.com\/index.php\/wp-json\/wp\/v2\/product\/2652\/revisions\/2692"}],"wp:featuredmedia":[{"embeddable":true,"href":"https:\/\/hazanli.com\/index.php\/wp-json\/wp\/v2\/media\/2655"}],"wp:attachment":[{"href":"https:\/\/hazanli.com\/index.php\/wp-json\/wp\/v2\/media?parent=2652"}],"wp:term":[{"taxonomy":"product_brand","embeddable":true,"href":"https:\/\/hazanli.com\/index.php\/wp-json\/wp\/v2\/product_brand?post=2652"},{"taxonomy":"product_cat","embeddable":true,"href":"https:\/\/hazanli.com\/index.php\/wp-json\/wp\/v2\/product_cat?post=2652"},{"taxonomy":"product_tag","embeddable":true,"href":"https:\/\/hazanli.com\/index.php\/wp-json\/wp\/v2\/product_tag?post=2652"}],"curies":[{"name":"wp","href":"https:\/\/api.w.org\/{rel}","templated":true}]}}