{"id":2727,"date":"2025-12-25T15:18:50","date_gmt":"2025-12-25T15:18:50","guid":{"rendered":"https:\/\/hazanli.com\/?post_type=product&#038;p=2727"},"modified":"2026-04-05T10:22:15","modified_gmt":"2026-04-05T10:22:15","slug":"bingol-yayla-bali-6","status":"publish","type":"product","link":"https:\/\/hazanli.com\/index.php\/urun\/bingol-yayla-bali-6\/","title":{"rendered":"Bing\u00f6l Yayla Bal\u0131"},"content":{"rendered":"<div dir=\"auto\">Bing\u00f6l \u0130li, Do\u011fu Anadolu B\u00f6lgesi&#8217;nde zengin bir floraya sahiptir.\u00a0 Y\u00fcksek rak\u0131m ve karasal iklim dolay\u0131s\u0131yla\u00a0 yaylalardaki bitkilerin tamam\u0131na yak\u0131n\u0131 otsu bitkilerdir. Ar\u0131 bitkileri(ball\u0131 bitkiler)\u00f6rn; ada \u00e7ay\u0131, yonca, kekik, \u00e7ay\u0131r g\u00fcl\u00fc, geven, papatya, fi\u011f, yarpuz otu (yabani nane), kenger otu, hindiba&#8230;\u00a0 Bak\u0131m\u0131ndan olduk\u00e7a zengindir.<br \/>\nAr\u0131 konaklat\u0131lan alanlar\u0131n sanayi kurulu\u015flar\u0131ndan ve konvansiyonel tar\u0131m alanlar\u0131ndan uzak, temiz \u00e7evre ve do\u011fal su kaynaklar\u0131na sahip olmas\u0131, serin yaz mevsiminin ya\u015fand\u0131\u011f\u0131 yaylalardaki zengin bitki \u00e7e\u015fitlili\u011fi, farkl\u0131 bitkilerin farkl\u0131 zamanlarda \u00e7i\u00e7eklenmesi ve \u00e7i\u00e7ek \u00f6m\u00fcrlerinin normalinden uzun olmas\u0131&#8230; Y\u00fcksek kalitede bal \u00fcretimi i\u00e7in \u00f6nemli bir potansiyel olu\u015fturmaktad\u0131r.<br \/>\nBing\u00f6l Bal\u0131, kendine has lezzeti, aromas\u0131 ve kalitesiyle t\u00fcketicilerinin be\u011fenisini kazanm\u0131\u015ft\u0131r.<br \/>\nBing\u00f6l Bal\u0131, Bing\u00f6l \u00fcniversitesi&#8217;nin 4 y\u0131l s\u00fcren \u00e7al\u0131\u015fmalar\u0131 neticesinde,\u00a0 2022 y\u0131l\u0131nda T\u00fcrk Patent ve Marka Kurumu taraf\u0131ndan co\u011frafi i\u015faretli \u00fcr\u00fcn olarak tescillenmi\u015ftir.<\/div>\n<div dir=\"auto\">Bing\u00f6l Bal\u0131 2024 y\u0131l\u0131 itibariyle T\u00fcrkiyen&#8217;in Avrupa Birli\u011fi nezdinde ilk tescilli bal\u0131 olmu\u015ftur.<br \/>\n\u0130ncelemekte oldu\u011funuz bu \u00fcr\u00fcn tamamen do\u011fal ve katk\u0131s\u0131z olarak \u00fcretilmi\u015ftir.<br \/>\nPolifloral\u0131 (\u00e7ok \u00e7i\u00e7ekli) bir \u00fcr\u00fcnd\u00fcr.<br \/>\nBa\u015fl\u0131ca; geven, hindiba, kekik, \u00e7ay\u0131r g\u00fcl\u00fc ve deve dikeni&#8230; Yabani \u00e7i\u00e7eklerden derlenmi\u015ftir.<\/div>\n<div dir=\"auto\">\u00c7ok \u00e7e\u015fitli \u00e7i\u00e7ek\u00a0 nektar\u0131 i\u00e7ermesi dolas\u0131yla tek bir \u00e7i\u00e7ek aromas\u0131n\u0131n(aromas\u0131n\u0131n) bask\u0131n olams\u0131 muhtemel de\u011fildir.<\/div>\n<div class=\"yj6qo\"><\/div>\n","protected":false},"excerpt":{"rendered":"<p>Bing\u00f6l yayla bal\u0131<\/p>\n<p>Net: 250 gr<\/p>\n<p>1.800 rak\u0131mda do\u011fal olarak \u00fcretilmi\u015ftir.<\/p>\n<p>Ba\u015fl\u0131ca;Geven, K\u0131rm\u0131z\u0131 \u00fc\u00e7g\u00fcl, Hindiba,Kekik, Deve dikeni&#8230; Yabani \u00e7i\u00e7eklerden derlenmi\u015ftir<\/p>\n","protected":false},"featured_media":2826,"comment_status":"open","ping_status":"closed","template":"","meta":{"_seopress_robots_primary_cat":"none","_seopress_titles_title":"","_seopress_titles_desc":"","_seopress_robots_index":"","om_disable_all_campaigns":false,"_monsterinsights_skip_tracking":false,"_monsterinsights_sitenote_active":false,"_monsterinsights_sitenote_note":"","_monsterinsights_sitenote_category":0,"_mbp_gutenberg_autopost":false},"product_brand":[],"product_cat":[68,27],"product_tag":[],"class_list":{"0":"post-2727","1":"product","2":"type-product","3":"status-publish","4":"has-post-thumbnail","6":"product_cat-dogal-cicek-bali","7":"product_cat-genel","9":"first","10":"instock","11":"sale","12":"taxable","13":"shipping-taxable","14":"purchasable","15":"product-type-simple"},"jetpack_sharing_enabled":true,"_links":{"self":[{"href":"https:\/\/hazanli.com\/index.php\/wp-json\/wp\/v2\/product\/2727","targetHints":{"allow":["GET"]}}],"collection":[{"href":"https:\/\/hazanli.com\/index.php\/wp-json\/wp\/v2\/product"}],"about":[{"href":"https:\/\/hazanli.com\/index.php\/wp-json\/wp\/v2\/types\/product"}],"replies":[{"embeddable":true,"href":"https:\/\/hazanli.com\/index.php\/wp-json\/wp\/v2\/comments?post=2727"}],"version-history":[{"count":2,"href":"https:\/\/hazanli.com\/index.php\/wp-json\/wp\/v2\/product\/2727\/revisions"}],"predecessor-version":[{"id":2827,"href":"https:\/\/hazanli.com\/index.php\/wp-json\/wp\/v2\/product\/2727\/revisions\/2827"}],"wp:featuredmedia":[{"embeddable":true,"href":"https:\/\/hazanli.com\/index.php\/wp-json\/wp\/v2\/media\/2826"}],"wp:attachment":[{"href":"https:\/\/hazanli.com\/index.php\/wp-json\/wp\/v2\/media?parent=2727"}],"wp:term":[{"taxonomy":"product_brand","embeddable":true,"href":"https:\/\/hazanli.com\/index.php\/wp-json\/wp\/v2\/product_brand?post=2727"},{"taxonomy":"product_cat","embeddable":true,"href":"https:\/\/hazanli.com\/index.php\/wp-json\/wp\/v2\/product_cat?post=2727"},{"taxonomy":"product_tag","embeddable":true,"href":"https:\/\/hazanli.com\/index.php\/wp-json\/wp\/v2\/product_tag?post=2727"}],"curies":[{"name":"wp","href":"https:\/\/api.w.org\/{rel}","templated":true}]}}